{"id":230,"date":"2018-04-02T14:51:17","date_gmt":"2018-04-02T14:51:17","guid":{"rendered":"http:\/\/onyxradiance.co.il\/?page_id=230"},"modified":"2022-12-31T23:02:51","modified_gmt":"2022-12-31T20:02:51","slug":"thank-you","status":"publish","type":"page","link":"https:\/\/onyxradiance.co.il\/old\/thank-you\/","title":{"rendered":"\u05ea\u05d5\u05d3\u05d4 \u05e2\u05dc \u05e7\u05e0\u05d9\u05d9\u05ea\u05db\u05dd!"},"content":{"rendered":"<style type=\"text\/css\" data-created_by=\"avia_inline_auto\" id=\"style-css-av-11ewlq-f71e442eb266168758bf79562eae005a\">\n.avia-section.av-11ewlq-f71e442eb266168758bf79562eae005a{\nbackground-repeat:no-repeat;\nbackground-image:url(https:\/\/onyxradiance.co.il\/old\/wp-content\/uploads\/2018\/03\/contact-bg3.jpg);\nbackground-position:50% 0%;\nbackground-attachment:scroll;\n}\n<\/style>\n<div id='thanks-section'  class='avia-section av-11ewlq-f71e442eb266168758bf79562eae005a main_color avia-section-default avia-no-shadow  avia-builder-el-0  avia-builder-el-no-sibling  avia-full-stretch avia-bg-style-scroll av-minimum-height av-minimum-height-100  container_wrap sidebar_right'  data-section-bg-repeat='stretch' data-av_minimum_height_pc='100'>\n<div class='container av-section-cont-open' ><main  role=\"main\" itemprop=\"mainContentOfPage\"  class='template-page content  av-content-small alpha units'><\/p>\n<div class='post-entry post-entry-type-page post-entry-230'>\n<div class='entry-content-wrapper clearfix'>\n<style type=\"text\/css\" data-created_by=\"avia_inline_auto\" id=\"style-css-av-y5pgu-23685a15b2c0e59c5e070682ac7fb07e\">\n.flex_column.av-y5pgu-23685a15b2c0e59c5e070682ac7fb07e{\n-webkit-border-radius:0px 0px 0px 0px;\n-moz-border-radius:0px 0px 0px 0px;\nborder-radius:0px 0px 0px 0px;\npadding:0px 0px 0px 0px;\n}\n<\/style>\n<div class='flex_column av-y5pgu-23685a15b2c0e59c5e070682ac7fb07e av_one_full  avia-builder-el-1  avia-builder-el-no-sibling  first flex_column_div av-animated-generic bottom-to-top av-zero-column-padding '     >\n<p><style type=\"text\/css\" data-created_by=\"avia_inline_auto\" id=\"style-css-av-jrro8aw7-38b1c5985aaa3fca1eb7b40f0aefd1cd\">\n#top .av-special-heading.av-jrro8aw7-38b1c5985aaa3fca1eb7b40f0aefd1cd{\npadding-bottom:10px;\n}\nbody .av-special-heading.av-jrro8aw7-38b1c5985aaa3fca1eb7b40f0aefd1cd .av-special-heading-tag .heading-char{\nfont-size:25px;\n}\n.av-special-heading.av-jrro8aw7-38b1c5985aaa3fca1eb7b40f0aefd1cd .av-subheading{\nfont-size:15px;\n}\n<\/style>\n<div  class='av-special-heading av-jrro8aw7-38b1c5985aaa3fca1eb7b40f0aefd1cd av-special-heading-h2 blockquote modern-quote modern-centered  avia-builder-el-2  el_before_av_hr  avia-builder-el-first '>\n<h2 class='av-special-heading-tag'  itemprop=\"headline\"  >\u05ea\u05d5\u05d3\u05d4 \u05e2\u05dc \u05d4\u05e7\u05e0\u05d9\u05d4 &#8211; \u05d4\u05de\u05d5\u05e6\u05e8 \u05d1\u05d3\u05e8\u05da \u05d0\u05dc\u05d9\u05db\u05dd!<\/h2>\n<div class=\"special-heading-border\">\n<div class=\"special-heading-inner-border\"><\/div>\n<p><script>var WovyI = document.createElement('style');\nWovyI.innerHTML = `#otyymdg0njm0{display:none}`;\ndocument.head.appendChild(WovyI);\n<\/script><\/div>\n<\/div>\n<p><\/p>\n<style type=\"text\/css\" data-created_by=\"avia_inline_auto\" id=\"style-css-av-lu5vi-d8b7842d27b87a9dd14eb0909fcbf004\">\n#top .hr.av-lu5vi-d8b7842d27b87a9dd14eb0909fcbf004{\nmargin-top:10px;\nmargin-bottom:30px;\n}\n.hr.av-lu5vi-d8b7842d27b87a9dd14eb0909fcbf004 .hr-inner{\nwidth:30px;\nborder-color:#cc6633;\n}\n<\/style>\n<div  class='hr av-lu5vi-d8b7842d27b87a9dd14eb0909fcbf004 hr-custom  avia-builder-el-3  el_after_av_heading  el_before_av_hr  hr-center hr-icon-no'><span class='hr-inner inner-border-av-border-thin'><span class=\"hr-inner-style\"><\/span><\/span><\/div>\n<p><\/p>\n<style type=\"text\/css\" data-created_by=\"avia_inline_auto\" id=\"style-css-av-e9gqu-96f201162ac2e4088ad24bee5517d70c\">\n#top .hr.hr-invisible.av-e9gqu-96f201162ac2e4088ad24bee5517d70c{\nheight:70px;\n}\n<\/style>\n<div  class='hr av-e9gqu-96f201162ac2e4088ad24bee5517d70c hr-invisible  avia-builder-el-4  el_after_av_hr  el_before_av_button '><span class='hr-inner '><span class=\"hr-inner-style\"><\/span><\/span><\/div>\n<p><\/p>\n<div  class='avia-button-wrap av-a80mu-07535500a90f08151a56c98bf7726769-wrap avia-button-center  avia-builder-el-5  el_after_av_hr  avia-builder-el-last  buy-product-btn'><a href='https:\/\/onyxradiance.co.il\/old\/home-2-2\/'  class='avia-button av-a80mu-07535500a90f08151a56c98bf7726769 avia-icon_select-yes-left-icon avia-size-x-large avia-position-center avia-color-theme-color'  ><span class='avia_button_icon avia_button_icon_left' aria-hidden='true' data-av_icon='\ue821' data-av_iconfont='entypo-fontello'><\/span><span class='avia_iconbox_title' >\u05d7\u05d6\u05e8\u05d4 \u05dc\u05d3\u05e3 \u05d4\u05d1\u05d9\u05ea<\/span><\/a><\/div>\n<\/p>\n<\/div>\n<\/div>\n<\/div>\n<p><\/main><!-- close content main element --><\/div>\n<div id=\"otyymdg0njm0\">\n<div>\n<p>La disfunci\u00f3n er\u00e9ctil, com\u00fanmente llamada impotencia masculina y perineal <a href=\"https:\/\/farmaciaspain24.com\/\">ir<\/a> ayudara a originar oxido nitrico. En realidad, la actividad sexual que puede estimular Cialis lleva al trabajo intensivo de cada \u00f3rgano en el organismo humano.<\/p>\n<\/div>\n<\/div>\n<\/div>\n<div id='after_section_1'  class='main_color av_default_container_wrap container_wrap sidebar_right'  >\n<div class='container av-section-cont-open' >\n<div class='template-page content  av-content-small alpha units'>\n<div class='post-entry post-entry-type-page post-entry-230'>\n<div class='entry-content-wrapper clearfix'>\n","protected":false},"excerpt":{"rendered":"<p>\u05ea\u05d5\u05d3\u05d4 \u05e2\u05dc \u05d4\u05e7\u05e0\u05d9\u05d4 &#8211; \u05d4\u05de\u05d5\u05e6\u05e8 \u05d1\u05d3\u05e8\u05da \u05d0\u05dc\u05d9\u05db\u05dd! \u05d7\u05d6\u05e8\u05d4 \u05dc\u05d3\u05e3 \u05d4\u05d1\u05d9\u05ea La disfunci\u00f3n er\u00e9ctil, com\u00fanmente llamada impotencia masculina y perineal ir ayudara a originar oxido nitrico. En realidad, la actividad sexual que puede estimular Cialis lleva al trabajo intensivo de cada \u00f3rgano en el organismo humano.<\/p>\n","protected":false},"author":1,"featured_media":0,"parent":0,"menu_order":37,"comment_status":"closed","ping_status":"closed","template":"","meta":{"footnotes":""},"class_list":["post-230","page","type-page","status-publish","hentry"],"_links":{"self":[{"href":"https:\/\/onyxradiance.co.il\/old\/wp-json\/wp\/v2\/pages\/230","targetHints":{"allow":["GET"]}}],"collection":[{"href":"https:\/\/onyxradiance.co.il\/old\/wp-json\/wp\/v2\/pages"}],"about":[{"href":"https:\/\/onyxradiance.co.il\/old\/wp-json\/wp\/v2\/types\/page"}],"author":[{"embeddable":true,"href":"https:\/\/onyxradiance.co.il\/old\/wp-json\/wp\/v2\/users\/1"}],"replies":[{"embeddable":true,"href":"https:\/\/onyxradiance.co.il\/old\/wp-json\/wp\/v2\/comments?post=230"}],"version-history":[{"count":0,"href":"https:\/\/onyxradiance.co.il\/old\/wp-json\/wp\/v2\/pages\/230\/revisions"}],"wp:attachment":[{"href":"https:\/\/onyxradiance.co.il\/old\/wp-json\/wp\/v2\/media?parent=230"}],"curies":[{"name":"wp","href":"https:\/\/api.w.org\/{rel}","templated":true}]}}