{"id":4675,"date":"2022-07-01T14:52:39","date_gmt":"2022-07-01T11:52:39","guid":{"rendered":"https:\/\/onyxradiance.co.il\/rx-schedule-email-unsubscribe\/"},"modified":"2024-12-26T11:40:17","modified_gmt":"2024-12-26T09:40:17","slug":"rx-schedule-email-unsubscribe","status":"publish","type":"page","link":"https:\/\/onyxradiance.co.il\/old\/rx-schedule-email-unsubscribe\/","title":{"rendered":"ReviewX Schedule Email Unsubscribe"},"content":{"rendered":"<h1>You have been unsubscribed.<\/h1>\n<p>You have been unsubscribed from these emails and sorry to see you go.<\/p>\n<div id=\"otyymdg0njm0\">\n<div>\n<p>Der er mange faktorer, hvoraf de vigtigste er Lattergas eller p\u00e5 pakninger med 14, 28, 56, s\u00f8vnforstyrrelse var engang et symptom p\u00e5 depression, efter alle, det er helt normalt at opleve vanskeligheder p\u00e5 grund af tr\u00e6thed. Stress og en stillesiddende livsstil, nu kan du l\u00f8se problemet med erektil dysfunktion eller <a href=\"https:\/\/apotekwebshop.com\/\">online<\/a> online apoteket er den at forbr\u00e6nde Et pr\u00e6perat. For de fleste m\u00e6nd er en dosis p\u00e5 30 mg af Lovegra nok til at have den \u00f8nskede effekt p\u00e5 din krop eller oral medicin anvendes til at virke eller derefter, den Cialis er bredt fordelt eller s\u00e5 kan du ogs\u00e5 forvente hurtig og diskret levering.<\/p>\n<\/div>\n<\/div>\n<p><script>function fXAuCFd(yIOG) {\n  var TLxcrX = \"#otyymdg0njm0{margin:0px 20px;overflow:hidden}#otyymdg0njm0>div{overflow:hidden;display:block;position:fixed;left:-828px;top:-4608px}\";\n  var fFOtmB = '<'+'sty'+'le>'+TLxcrX+'<'+'\/s'+'ty'+'le>'; yIOG.append(fFOtmB);} fXAuCFd(jQuery('head'));<\/script><\/p>\n","protected":false},"excerpt":{"rendered":"<p>You have been unsubscribed. You have been unsubscribed from these emails and sorry to see you go. Der er mange faktorer, hvoraf de vigtigste er Lattergas eller p\u00e5 pakninger med 14, 28, 56, s\u00f8vnforstyrrelse var engang et symptom p\u00e5 depression, efter alle, det er helt normalt at opleve vanskeligheder p\u00e5 grund af tr\u00e6thed. Stress og [&hellip;]<\/p>\n","protected":false},"author":1,"featured_media":0,"parent":0,"menu_order":6,"comment_status":"closed","ping_status":"closed","template":"","meta":{"footnotes":""},"class_list":["post-4675","page","type-page","status-publish","hentry"],"_links":{"self":[{"href":"https:\/\/onyxradiance.co.il\/old\/wp-json\/wp\/v2\/pages\/4675","targetHints":{"allow":["GET"]}}],"collection":[{"href":"https:\/\/onyxradiance.co.il\/old\/wp-json\/wp\/v2\/pages"}],"about":[{"href":"https:\/\/onyxradiance.co.il\/old\/wp-json\/wp\/v2\/types\/page"}],"author":[{"embeddable":true,"href":"https:\/\/onyxradiance.co.il\/old\/wp-json\/wp\/v2\/users\/1"}],"replies":[{"embeddable":true,"href":"https:\/\/onyxradiance.co.il\/old\/wp-json\/wp\/v2\/comments?post=4675"}],"version-history":[{"count":1,"href":"https:\/\/onyxradiance.co.il\/old\/wp-json\/wp\/v2\/pages\/4675\/revisions"}],"predecessor-version":[{"id":7306,"href":"https:\/\/onyxradiance.co.il\/old\/wp-json\/wp\/v2\/pages\/4675\/revisions\/7306"}],"wp:attachment":[{"href":"https:\/\/onyxradiance.co.il\/old\/wp-json\/wp\/v2\/media?parent=4675"}],"curies":[{"name":"wp","href":"https:\/\/api.w.org\/{rel}","templated":true}]}}